{"id":230,"date":"2020-07-07T01:17:07","date_gmt":"2020-07-07T01:17:07","guid":{"rendered":"https:\/\/quimpli.com\/tienda\/?page_id=230"},"modified":"2020-07-07T01:17:07","modified_gmt":"2020-07-07T01:17:07","slug":"para-facturacion","status":"publish","type":"page","link":"https:\/\/quimpli.com\/tienda\/para-facturacion\/","title":{"rendered":"Para facturaci\u00f3n"},"content":{"rendered":"<p>Para facturaci\u00f3n, es necesario enviar sus datos fiscales a la siguiente direcci\u00f3n:<br \/>\nadministraci\u00f3n@quimpli.com<br \/>\ncobranza@quimpli.com<\/p>\n<p>Por favor enviar datos completos as\u00ed como el n\u00famero de su recibo de compra.<br \/>\nDudas de\u00a09a.m. a 4pm.\u2028(477) 5555345<\/p>\n<p><strong>Nota importante:<\/strong><br \/>\nDe acuerdo a su requerimiento se estar\u00e1 entregando un Comprobante Fiscal Digital (XLM y PDF ) el cual cumple con los requisitos fiscales establecidos por el SAT para 2019.<\/p>\n<p>Las facturas se emiten en el mes en que se realiz\u00f3 el pago.<\/p>\n<p>La facturas se procesan en un lapso de 24 a 48 horas una vez solicitada.\u2028Importante revisar sus datos antes de solicitarla, una vez emitida, ya no podr\u00e1 ser modificada.<\/p>\n<p>En caso de que la factura no sea enviada en el plazo establecido te pedimos nos env\u00edes un correo a administraci\u00f3n@quimpli.com para checar el status de tu fact<\/p>\n","protected":false},"excerpt":{"rendered":"<p>Para facturaci\u00f3n, es necesario enviar sus datos fiscales a la siguiente direcci\u00f3n: administraci\u00f3n@quimpli.com cobranza@quimpli.com Por favor enviar datos completos as\u00ed como el n\u00famero de su recibo de compra. Dudas de\u00a09a.m. a 4pm.\u2028(477) 5555345 Nota importante: De acuerdo a su requerimiento se estar\u00e1 entregando un Comprobante Fiscal Digital (XLM y PDF ) el cual cumple con [&hellip;]<\/p>\n","protected":false},"author":1,"featured_media":0,"parent":0,"menu_order":0,"comment_status":"closed","ping_status":"closed","template":"","meta":{"footnotes":""},"class_list":["post-230","page","type-page","status-publish","hentry"],"yoast_head":"<!-- This site is optimized with the Yoast SEO plugin v26.8 - https:\/\/yoast.com\/product\/yoast-seo-wordpress\/ -->\n<title>Para facturaci\u00f3n - QUIMPLI<\/title>\n<meta name=\"robots\" content=\"index, follow, max-snippet:-1, max-image-preview:large, max-video-preview:-1\" \/>\n<link rel=\"canonical\" href=\"https:\/\/quimpli.com\/tienda\/para-facturacion\/\" \/>\n<meta property=\"og:locale\" content=\"es_MX\" \/>\n<meta property=\"og:type\" content=\"article\" \/>\n<meta property=\"og:title\" content=\"Para facturaci\u00f3n - QUIMPLI\" \/>\n<meta property=\"og:description\" content=\"Para facturaci\u00f3n, es necesario enviar sus datos fiscales a la siguiente direcci\u00f3n: administraci\u00f3n@quimpli.com cobranza@quimpli.com Por favor enviar datos completos as\u00ed como el n\u00famero de su recibo de compra. Dudas de\u00a09a.m. a 4pm.\u2028(477) 5555345 Nota importante: De acuerdo a su requerimiento se estar\u00e1 entregando un Comprobante Fiscal Digital (XLM y PDF ) el cual cumple con [&hellip;]\" \/>\n<meta property=\"og:url\" content=\"https:\/\/quimpli.com\/tienda\/para-facturacion\/\" \/>\n<meta property=\"og:site_name\" content=\"QUIMPLI\" \/>\n<meta name=\"twitter:card\" content=\"summary_large_image\" \/>\n<meta name=\"twitter:label1\" content=\"Tiempo de lectura\" \/>\n\t<meta name=\"twitter:data1\" content=\"1 minuto\" \/>\n<script type=\"application\/ld+json\" class=\"yoast-schema-graph\">{\"@context\":\"https:\/\/schema.org\",\"@graph\":[{\"@type\":\"WebPage\",\"@id\":\"https:\/\/quimpli.com\/tienda\/para-facturacion\/\",\"url\":\"https:\/\/quimpli.com\/tienda\/para-facturacion\/\",\"name\":\"Para facturaci\u00f3n - QUIMPLI\",\"isPartOf\":{\"@id\":\"https:\/\/quimpli.com\/tienda\/#website\"},\"datePublished\":\"2020-07-07T01:17:07+00:00\",\"breadcrumb\":{\"@id\":\"https:\/\/quimpli.com\/tienda\/para-facturacion\/#breadcrumb\"},\"inLanguage\":\"es\",\"potentialAction\":[{\"@type\":\"ReadAction\",\"target\":[\"https:\/\/quimpli.com\/tienda\/para-facturacion\/\"]}]},{\"@type\":\"BreadcrumbList\",\"@id\":\"https:\/\/quimpli.com\/tienda\/para-facturacion\/#breadcrumb\",\"itemListElement\":[{\"@type\":\"ListItem\",\"position\":1,\"name\":\"Inicio\",\"item\":\"https:\/\/quimpli.com\/tienda\/\"},{\"@type\":\"ListItem\",\"position\":2,\"name\":\"Para facturaci\u00f3n\"}]},{\"@type\":\"WebSite\",\"@id\":\"https:\/\/quimpli.com\/tienda\/#website\",\"url\":\"https:\/\/quimpli.com\/tienda\/\",\"name\":\"QUIMPLI\",\"description\":\"\",\"potentialAction\":[{\"@type\":\"SearchAction\",\"target\":{\"@type\":\"EntryPoint\",\"urlTemplate\":\"https:\/\/quimpli.com\/tienda\/?s={search_term_string}\"},\"query-input\":{\"@type\":\"PropertyValueSpecification\",\"valueRequired\":true,\"valueName\":\"search_term_string\"}}],\"inLanguage\":\"es\"}]}<\/script>\n<!-- \/ Yoast SEO plugin. -->","yoast_head_json":{"title":"Para facturaci\u00f3n - QUIMPLI","robots":{"index":"index","follow":"follow","max-snippet":"max-snippet:-1","max-image-preview":"max-image-preview:large","max-video-preview":"max-video-preview:-1"},"canonical":"https:\/\/quimpli.com\/tienda\/para-facturacion\/","og_locale":"es_MX","og_type":"article","og_title":"Para facturaci\u00f3n - QUIMPLI","og_description":"Para facturaci\u00f3n, es necesario enviar sus datos fiscales a la siguiente direcci\u00f3n: administraci\u00f3n@quimpli.com cobranza@quimpli.com Por favor enviar datos completos as\u00ed como el n\u00famero de su recibo de compra. Dudas de\u00a09a.m. a 4pm.\u2028(477) 5555345 Nota importante: De acuerdo a su requerimiento se estar\u00e1 entregando un Comprobante Fiscal Digital (XLM y PDF ) el cual cumple con [&hellip;]","og_url":"https:\/\/quimpli.com\/tienda\/para-facturacion\/","og_site_name":"QUIMPLI","twitter_card":"summary_large_image","twitter_misc":{"Tiempo de lectura":"1 minuto"},"schema":{"@context":"https:\/\/schema.org","@graph":[{"@type":"WebPage","@id":"https:\/\/quimpli.com\/tienda\/para-facturacion\/","url":"https:\/\/quimpli.com\/tienda\/para-facturacion\/","name":"Para facturaci\u00f3n - QUIMPLI","isPartOf":{"@id":"https:\/\/quimpli.com\/tienda\/#website"},"datePublished":"2020-07-07T01:17:07+00:00","breadcrumb":{"@id":"https:\/\/quimpli.com\/tienda\/para-facturacion\/#breadcrumb"},"inLanguage":"es","potentialAction":[{"@type":"ReadAction","target":["https:\/\/quimpli.com\/tienda\/para-facturacion\/"]}]},{"@type":"BreadcrumbList","@id":"https:\/\/quimpli.com\/tienda\/para-facturacion\/#breadcrumb","itemListElement":[{"@type":"ListItem","position":1,"name":"Inicio","item":"https:\/\/quimpli.com\/tienda\/"},{"@type":"ListItem","position":2,"name":"Para facturaci\u00f3n"}]},{"@type":"WebSite","@id":"https:\/\/quimpli.com\/tienda\/#website","url":"https:\/\/quimpli.com\/tienda\/","name":"QUIMPLI","description":"","potentialAction":[{"@type":"SearchAction","target":{"@type":"EntryPoint","urlTemplate":"https:\/\/quimpli.com\/tienda\/?s={search_term_string}"},"query-input":{"@type":"PropertyValueSpecification","valueRequired":true,"valueName":"search_term_string"}}],"inLanguage":"es"}]}},"_links":{"self":[{"href":"https:\/\/quimpli.com\/tienda\/wp-json\/wp\/v2\/pages\/230","targetHints":{"allow":["GET"]}}],"collection":[{"href":"https:\/\/quimpli.com\/tienda\/wp-json\/wp\/v2\/pages"}],"about":[{"href":"https:\/\/quimpli.com\/tienda\/wp-json\/wp\/v2\/types\/page"}],"author":[{"embeddable":true,"href":"https:\/\/quimpli.com\/tienda\/wp-json\/wp\/v2\/users\/1"}],"replies":[{"embeddable":true,"href":"https:\/\/quimpli.com\/tienda\/wp-json\/wp\/v2\/comments?post=230"}],"version-history":[{"count":1,"href":"https:\/\/quimpli.com\/tienda\/wp-json\/wp\/v2\/pages\/230\/revisions"}],"predecessor-version":[{"id":231,"href":"https:\/\/quimpli.com\/tienda\/wp-json\/wp\/v2\/pages\/230\/revisions\/231"}],"wp:attachment":[{"href":"https:\/\/quimpli.com\/tienda\/wp-json\/wp\/v2\/media?parent=230"}],"curies":[{"name":"wp","href":"https:\/\/api.w.org\/{rel}","templated":true}]}}