{"id":3,"date":"2020-06-19T22:47:39","date_gmt":"2020-06-19T22:47:39","guid":{"rendered":"http:\/\/quimpli.com\/tienda\/?page_id=3"},"modified":"2020-07-07T01:16:00","modified_gmt":"2020-07-07T01:16:00","slug":"condiciones-generales-de-venta","status":"publish","type":"page","link":"https:\/\/quimpli.com\/tienda\/condiciones-generales-de-venta\/","title":{"rendered":"Condiciones gen\u00e9rales de venta"},"content":{"rendered":"<p><strong>PRECIOS DE VENTA:<\/strong> <br \/>indicar que son precios sin IVA. <br \/>Los precios expuestos en\u00a0 podr\u00e1n ser revisados y modificados si las condiciones lo requieren\u00a0en cualquier momento.<br \/>Los productos en oferta estar\u00e1n activos \u00fanicamente cuando as\u00ed lo indique la p\u00e1gina web.<\/p>\n<p><strong>SISTEMAS DE PAGO<\/strong><\/p>\n<p><strong>PAYPAL:<\/strong> <br \/><strong>TRANSFERENCIA BANCARIA:<\/strong> El pedido se har\u00e1 efectivo en el momento de recepci\u00f3n de la transferencia. El n\u00famero de cuenta en el que realizar el ingreso ser\u00e1 facilitado al final del proceso de compra. En el concepto de la transferencia se debe facilitar el nombre completo.<br \/>las transacciones realizadas en nuestra web son\u00a0100% seguras. La transmisi\u00f3n de datos personales o bancarios se realizan utilizando un entorno seguro<\/p>\n<p><strong>FORMAS DE ENVIO Y PLAZOS<\/strong><br \/>Se garantiza la preparaci\u00f3n del pedido en el mismo d\u00eda en que se reciba o el d\u00eda en que recibamos la transferencia siempre que sea antes de las 14:00 y que dispongamos stock. Excepto los pedidos realizados en s\u00e1bados, domingos o festivos que se tramitar\u00e1n el siguiente d\u00eda laboral.<\/p>\n<p>El env\u00edo del pedido ser\u00e1 efectuado por las compa\u00f1\u00edas asignadas por www.quimpli.com<br \/>Las entregas se realizar\u00e1n en un plazo de 24\/48 horas desde el momento en el que se haga efectivo el pedido. Este plazo se podr\u00e1 incrementar para determinadas zonas o por causas de fuerza mayor ajenas a nuestra gesti\u00f3n.<\/p>\n<p>No se realizan env\u00edos a apartados postales.<\/p>\n<p>En el caso de pedidos de grandes dimensiones o productos fuera de stock, se mantendr\u00e1 informado al cliente acerca de los plazos de entrega.<\/p>\n<p><strong>GARANTIA Y DEVOLUCION<\/strong><br \/>Todos los productos expuestos en la web tienen garant\u00eda propia exceptuando los defectos o desperfectos debidos a una incorrecta utilizaci\u00f3n o manipulaci\u00f3n del material o los desgastes producidos por un uso normal del mismo, no se incluyen en esta garant\u00eda.<\/p>\n<p>En el caso de servir un producto defectuoso QUIMPLI se har\u00e1 cargo de su recogida, reparaci\u00f3n o sustituci\u00f3n de forma gratuita para el cliente. El cliente deber\u00e1 informar a QUIMPLI de dicho producto en el plazo de 1 mes desde la recepci\u00f3n.<\/p>\n","protected":false},"excerpt":{"rendered":"<p>PRECIOS DE VENTA: indicar que son precios sin IVA. Los precios expuestos en\u00a0 podr\u00e1n ser revisados y modificados si las condiciones lo requieren\u00a0en cualquier momento.Los productos en oferta estar\u00e1n activos \u00fanicamente cuando as\u00ed lo indique la p\u00e1gina web. SISTEMAS DE PAGO PAYPAL: TRANSFERENCIA BANCARIA: El pedido se har\u00e1 efectivo en el momento de recepci\u00f3n de [&hellip;]<\/p>\n","protected":false},"author":1,"featured_media":0,"parent":0,"menu_order":0,"comment_status":"closed","ping_status":"closed","template":"","meta":{"footnotes":""},"class_list":["post-3","page","type-page","status-publish","hentry"],"yoast_head":"<!-- This site is optimized with the Yoast SEO plugin v26.8 - https:\/\/yoast.com\/product\/yoast-seo-wordpress\/ -->\n<title>Condiciones gen\u00e9rales de venta - QUIMPLI<\/title>\n<meta name=\"robots\" content=\"index, follow, max-snippet:-1, max-image-preview:large, max-video-preview:-1\" \/>\n<link rel=\"canonical\" href=\"https:\/\/quimpli.com\/tienda\/condiciones-generales-de-venta\/\" \/>\n<meta property=\"og:locale\" content=\"es_MX\" \/>\n<meta property=\"og:type\" content=\"article\" \/>\n<meta property=\"og:title\" content=\"Condiciones gen\u00e9rales de venta - QUIMPLI\" \/>\n<meta property=\"og:description\" content=\"PRECIOS DE VENTA: indicar que son precios sin IVA. Los precios expuestos en\u00a0 podr\u00e1n ser revisados y modificados si las condiciones lo requieren\u00a0en cualquier momento.Los productos en oferta estar\u00e1n activos \u00fanicamente cuando as\u00ed lo indique la p\u00e1gina web. SISTEMAS DE PAGO PAYPAL: TRANSFERENCIA BANCARIA: El pedido se har\u00e1 efectivo en el momento de recepci\u00f3n de [&hellip;]\" \/>\n<meta property=\"og:url\" content=\"https:\/\/quimpli.com\/tienda\/condiciones-generales-de-venta\/\" \/>\n<meta property=\"og:site_name\" content=\"QUIMPLI\" \/>\n<meta property=\"article:modified_time\" content=\"2020-07-07T01:16:00+00:00\" \/>\n<meta name=\"twitter:card\" content=\"summary_large_image\" \/>\n<meta name=\"twitter:label1\" content=\"Tiempo de lectura\" \/>\n\t<meta name=\"twitter:data1\" content=\"2 minutos\" \/>\n<script type=\"application\/ld+json\" class=\"yoast-schema-graph\">{\"@context\":\"https:\/\/schema.org\",\"@graph\":[{\"@type\":\"WebPage\",\"@id\":\"https:\/\/quimpli.com\/tienda\/condiciones-generales-de-venta\/\",\"url\":\"https:\/\/quimpli.com\/tienda\/condiciones-generales-de-venta\/\",\"name\":\"Condiciones gen\u00e9rales de venta - QUIMPLI\",\"isPartOf\":{\"@id\":\"https:\/\/quimpli.com\/tienda\/#website\"},\"datePublished\":\"2020-06-19T22:47:39+00:00\",\"dateModified\":\"2020-07-07T01:16:00+00:00\",\"breadcrumb\":{\"@id\":\"https:\/\/quimpli.com\/tienda\/condiciones-generales-de-venta\/#breadcrumb\"},\"inLanguage\":\"es\",\"potentialAction\":[{\"@type\":\"ReadAction\",\"target\":[\"https:\/\/quimpli.com\/tienda\/condiciones-generales-de-venta\/\"]}]},{\"@type\":\"BreadcrumbList\",\"@id\":\"https:\/\/quimpli.com\/tienda\/condiciones-generales-de-venta\/#breadcrumb\",\"itemListElement\":[{\"@type\":\"ListItem\",\"position\":1,\"name\":\"Inicio\",\"item\":\"https:\/\/quimpli.com\/tienda\/\"},{\"@type\":\"ListItem\",\"position\":2,\"name\":\"Condiciones gen\u00e9rales de venta\"}]},{\"@type\":\"WebSite\",\"@id\":\"https:\/\/quimpli.com\/tienda\/#website\",\"url\":\"https:\/\/quimpli.com\/tienda\/\",\"name\":\"QUIMPLI\",\"description\":\"\",\"potentialAction\":[{\"@type\":\"SearchAction\",\"target\":{\"@type\":\"EntryPoint\",\"urlTemplate\":\"https:\/\/quimpli.com\/tienda\/?s={search_term_string}\"},\"query-input\":{\"@type\":\"PropertyValueSpecification\",\"valueRequired\":true,\"valueName\":\"search_term_string\"}}],\"inLanguage\":\"es\"}]}<\/script>\n<!-- \/ Yoast SEO plugin. -->","yoast_head_json":{"title":"Condiciones gen\u00e9rales de venta - QUIMPLI","robots":{"index":"index","follow":"follow","max-snippet":"max-snippet:-1","max-image-preview":"max-image-preview:large","max-video-preview":"max-video-preview:-1"},"canonical":"https:\/\/quimpli.com\/tienda\/condiciones-generales-de-venta\/","og_locale":"es_MX","og_type":"article","og_title":"Condiciones gen\u00e9rales de venta - QUIMPLI","og_description":"PRECIOS DE VENTA: indicar que son precios sin IVA. Los precios expuestos en\u00a0 podr\u00e1n ser revisados y modificados si las condiciones lo requieren\u00a0en cualquier momento.Los productos en oferta estar\u00e1n activos \u00fanicamente cuando as\u00ed lo indique la p\u00e1gina web. SISTEMAS DE PAGO PAYPAL: TRANSFERENCIA BANCARIA: El pedido se har\u00e1 efectivo en el momento de recepci\u00f3n de [&hellip;]","og_url":"https:\/\/quimpli.com\/tienda\/condiciones-generales-de-venta\/","og_site_name":"QUIMPLI","article_modified_time":"2020-07-07T01:16:00+00:00","twitter_card":"summary_large_image","twitter_misc":{"Tiempo de lectura":"2 minutos"},"schema":{"@context":"https:\/\/schema.org","@graph":[{"@type":"WebPage","@id":"https:\/\/quimpli.com\/tienda\/condiciones-generales-de-venta\/","url":"https:\/\/quimpli.com\/tienda\/condiciones-generales-de-venta\/","name":"Condiciones gen\u00e9rales de venta - QUIMPLI","isPartOf":{"@id":"https:\/\/quimpli.com\/tienda\/#website"},"datePublished":"2020-06-19T22:47:39+00:00","dateModified":"2020-07-07T01:16:00+00:00","breadcrumb":{"@id":"https:\/\/quimpli.com\/tienda\/condiciones-generales-de-venta\/#breadcrumb"},"inLanguage":"es","potentialAction":[{"@type":"ReadAction","target":["https:\/\/quimpli.com\/tienda\/condiciones-generales-de-venta\/"]}]},{"@type":"BreadcrumbList","@id":"https:\/\/quimpli.com\/tienda\/condiciones-generales-de-venta\/#breadcrumb","itemListElement":[{"@type":"ListItem","position":1,"name":"Inicio","item":"https:\/\/quimpli.com\/tienda\/"},{"@type":"ListItem","position":2,"name":"Condiciones gen\u00e9rales de venta"}]},{"@type":"WebSite","@id":"https:\/\/quimpli.com\/tienda\/#website","url":"https:\/\/quimpli.com\/tienda\/","name":"QUIMPLI","description":"","potentialAction":[{"@type":"SearchAction","target":{"@type":"EntryPoint","urlTemplate":"https:\/\/quimpli.com\/tienda\/?s={search_term_string}"},"query-input":{"@type":"PropertyValueSpecification","valueRequired":true,"valueName":"search_term_string"}}],"inLanguage":"es"}]}},"_links":{"self":[{"href":"https:\/\/quimpli.com\/tienda\/wp-json\/wp\/v2\/pages\/3","targetHints":{"allow":["GET"]}}],"collection":[{"href":"https:\/\/quimpli.com\/tienda\/wp-json\/wp\/v2\/pages"}],"about":[{"href":"https:\/\/quimpli.com\/tienda\/wp-json\/wp\/v2\/types\/page"}],"author":[{"embeddable":true,"href":"https:\/\/quimpli.com\/tienda\/wp-json\/wp\/v2\/users\/1"}],"replies":[{"embeddable":true,"href":"https:\/\/quimpli.com\/tienda\/wp-json\/wp\/v2\/comments?post=3"}],"version-history":[{"count":1,"href":"https:\/\/quimpli.com\/tienda\/wp-json\/wp\/v2\/pages\/3\/revisions"}],"predecessor-version":[{"id":229,"href":"https:\/\/quimpli.com\/tienda\/wp-json\/wp\/v2\/pages\/3\/revisions\/229"}],"wp:attachment":[{"href":"https:\/\/quimpli.com\/tienda\/wp-json\/wp\/v2\/media?parent=3"}],"curies":[{"name":"wp","href":"https:\/\/api.w.org\/{rel}","templated":true}]}}