{"id":132,"date":"2020-06-30T19:32:09","date_gmt":"2020-06-30T19:32:09","guid":{"rendered":"https:\/\/quimpli.com\/tienda\/?post_type=product&#038;p=132"},"modified":"2020-07-07T02:54:25","modified_gmt":"2020-07-07T02:54:25","slug":"ajax-bicloro","status":"publish","type":"product","link":"https:\/\/quimpli.com\/tienda\/producto\/ajax-bicloro\/","title":{"rendered":"Ajax Bicloro"},"content":{"rendered":"<div class=\"mCKFRe\">\n<ul>\n<li>Desengrasante, desinfectante y quitamanchas<\/li>\n<li><span class=\"name\">Aroma<\/span> <span class=\"value\">Bicloro<\/span><\/li>\n<li><span class=\"name\">Tipo de detergente<\/span> <span class=\"value\">Polvo<\/span><\/li>\n<li><span class=\"name\">Tama\u00f1o del producto<\/span> <span class=\"value\">Mediano<\/span><\/li>\n<li><span class=\"name\">Contenido del Empaque<\/span> <span class=\"value\">1 Limpiador en polvo bicloro 310 g<\/span><\/li>\n<\/ul>\n<\/div>\n<div class=\"xCLrrc\"><\/div>\n<div><\/div>\n<p>&nbsp;<\/p>\n","protected":false},"excerpt":{"rendered":"<p>Realiza la limpieza de cualquier superficie de tu hogar utilizando el Limpiador Ajax Bicloro, que cuenta con una poderosa f\u00f3rmula que act\u00faa eficazmente para dejar reluciente cualquier lugar en donde lo apliques. Desinfecta ba\u00f1os, cocina, pisos o cualquier rinc\u00f3n en donde quieras aplicarlo con su f\u00f3rmula hecha a base de cloro que sanitiza y blanquea ayudando a darle un aspecto de limpieza intensa a tu casa.<\/p>\n","protected":false},"featured_media":69,"template":"","meta":[],"product_brand":[],"product_cat":[16],"product_tag":[],"class_list":{"0":"post-132","1":"product","2":"type-product","3":"status-publish","4":"has-post-thumbnail","6":"product_cat-accesorios","8":"first","9":"instock","10":"taxable","11":"shipping-taxable","12":"purchasable","13":"product-type-simple"},"yoast_head":"<!-- This site is optimized with the Yoast SEO plugin v26.8 - https:\/\/yoast.com\/product\/yoast-seo-wordpress\/ -->\n<title>Ajax Bicloro - QUIMPLI<\/title>\n<meta name=\"robots\" content=\"index, follow, max-snippet:-1, max-image-preview:large, max-video-preview:-1\" \/>\n<link rel=\"canonical\" href=\"https:\/\/quimpli.com\/tienda\/producto\/ajax-bicloro\/\" \/>\n<meta property=\"og:locale\" content=\"es_MX\" \/>\n<meta property=\"og:type\" content=\"article\" \/>\n<meta property=\"og:title\" content=\"Ajax Bicloro - QUIMPLI\" \/>\n<meta property=\"og:description\" content=\"Realiza la limpieza de cualquier superficie de tu hogar utilizando el Limpiador Ajax Bicloro, que cuenta con una poderosa f\u00f3rmula que act\u00faa eficazmente para dejar reluciente cualquier lugar en donde lo apliques. Desinfecta ba\u00f1os, cocina, pisos o cualquier rinc\u00f3n en donde quieras aplicarlo con su f\u00f3rmula hecha a base de cloro que sanitiza y blanquea ayudando a darle un aspecto de limpieza intensa a tu casa.\" \/>\n<meta property=\"og:url\" content=\"https:\/\/quimpli.com\/tienda\/producto\/ajax-bicloro\/\" \/>\n<meta property=\"og:site_name\" content=\"QUIMPLI\" \/>\n<meta property=\"article:modified_time\" content=\"2020-07-07T02:54:25+00:00\" \/>\n<meta property=\"og:image\" content=\"https:\/\/quimpli.com\/tienda\/wp-content\/uploads\/2020\/06\/11.jpg\" \/>\n\t<meta property=\"og:image:width\" content=\"960\" \/>\n\t<meta property=\"og:image:height\" content=\"640\" \/>\n\t<meta property=\"og:image:type\" content=\"image\/jpeg\" \/>\n<meta name=\"twitter:card\" content=\"summary_large_image\" \/>\n<script type=\"application\/ld+json\" class=\"yoast-schema-graph\">{\"@context\":\"https:\/\/schema.org\",\"@graph\":[{\"@type\":\"WebPage\",\"@id\":\"https:\/\/quimpli.com\/tienda\/producto\/ajax-bicloro\/\",\"url\":\"https:\/\/quimpli.com\/tienda\/producto\/ajax-bicloro\/\",\"name\":\"Ajax Bicloro - QUIMPLI\",\"isPartOf\":{\"@id\":\"https:\/\/quimpli.com\/tienda\/#website\"},\"primaryImageOfPage\":{\"@id\":\"https:\/\/quimpli.com\/tienda\/producto\/ajax-bicloro\/#primaryimage\"},\"image\":{\"@id\":\"https:\/\/quimpli.com\/tienda\/producto\/ajax-bicloro\/#primaryimage\"},\"thumbnailUrl\":\"https:\/\/quimpli.com\/tienda\/wp-content\/uploads\/2020\/06\/11.jpg\",\"datePublished\":\"2020-06-30T19:32:09+00:00\",\"dateModified\":\"2020-07-07T02:54:25+00:00\",\"breadcrumb\":{\"@id\":\"https:\/\/quimpli.com\/tienda\/producto\/ajax-bicloro\/#breadcrumb\"},\"inLanguage\":\"es\",\"potentialAction\":[{\"@type\":\"ReadAction\",\"target\":[\"https:\/\/quimpli.com\/tienda\/producto\/ajax-bicloro\/\"]}]},{\"@type\":\"ImageObject\",\"inLanguage\":\"es\",\"@id\":\"https:\/\/quimpli.com\/tienda\/producto\/ajax-bicloro\/#primaryimage\",\"url\":\"https:\/\/quimpli.com\/tienda\/wp-content\/uploads\/2020\/06\/11.jpg\",\"contentUrl\":\"https:\/\/quimpli.com\/tienda\/wp-content\/uploads\/2020\/06\/11.jpg\",\"width\":960,\"height\":640,\"caption\":\"Ajax Bicloro\"},{\"@type\":\"BreadcrumbList\",\"@id\":\"https:\/\/quimpli.com\/tienda\/producto\/ajax-bicloro\/#breadcrumb\",\"itemListElement\":[{\"@type\":\"ListItem\",\"position\":1,\"name\":\"Inicio\",\"item\":\"https:\/\/quimpli.com\/tienda\/\"},{\"@type\":\"ListItem\",\"position\":2,\"name\":\"Comprar\",\"item\":\"https:\/\/quimpli.com\/tienda\/\"},{\"@type\":\"ListItem\",\"position\":3,\"name\":\"Ajax Bicloro\"}]},{\"@type\":\"WebSite\",\"@id\":\"https:\/\/quimpli.com\/tienda\/#website\",\"url\":\"https:\/\/quimpli.com\/tienda\/\",\"name\":\"QUIMPLI\",\"description\":\"\",\"potentialAction\":[{\"@type\":\"SearchAction\",\"target\":{\"@type\":\"EntryPoint\",\"urlTemplate\":\"https:\/\/quimpli.com\/tienda\/?s={search_term_string}\"},\"query-input\":{\"@type\":\"PropertyValueSpecification\",\"valueRequired\":true,\"valueName\":\"search_term_string\"}}],\"inLanguage\":\"es\"}]}<\/script>\n<!-- \/ Yoast SEO plugin. -->","yoast_head_json":{"title":"Ajax Bicloro - QUIMPLI","robots":{"index":"index","follow":"follow","max-snippet":"max-snippet:-1","max-image-preview":"max-image-preview:large","max-video-preview":"max-video-preview:-1"},"canonical":"https:\/\/quimpli.com\/tienda\/producto\/ajax-bicloro\/","og_locale":"es_MX","og_type":"article","og_title":"Ajax Bicloro - QUIMPLI","og_description":"Realiza la limpieza de cualquier superficie de tu hogar utilizando el Limpiador Ajax Bicloro, que cuenta con una poderosa f\u00f3rmula que act\u00faa eficazmente para dejar reluciente cualquier lugar en donde lo apliques. Desinfecta ba\u00f1os, cocina, pisos o cualquier rinc\u00f3n en donde quieras aplicarlo con su f\u00f3rmula hecha a base de cloro que sanitiza y blanquea ayudando a darle un aspecto de limpieza intensa a tu casa.","og_url":"https:\/\/quimpli.com\/tienda\/producto\/ajax-bicloro\/","og_site_name":"QUIMPLI","article_modified_time":"2020-07-07T02:54:25+00:00","og_image":[{"width":960,"height":640,"url":"https:\/\/quimpli.com\/tienda\/wp-content\/uploads\/2020\/06\/11.jpg","type":"image\/jpeg"}],"twitter_card":"summary_large_image","schema":{"@context":"https:\/\/schema.org","@graph":[{"@type":"WebPage","@id":"https:\/\/quimpli.com\/tienda\/producto\/ajax-bicloro\/","url":"https:\/\/quimpli.com\/tienda\/producto\/ajax-bicloro\/","name":"Ajax Bicloro - QUIMPLI","isPartOf":{"@id":"https:\/\/quimpli.com\/tienda\/#website"},"primaryImageOfPage":{"@id":"https:\/\/quimpli.com\/tienda\/producto\/ajax-bicloro\/#primaryimage"},"image":{"@id":"https:\/\/quimpli.com\/tienda\/producto\/ajax-bicloro\/#primaryimage"},"thumbnailUrl":"https:\/\/quimpli.com\/tienda\/wp-content\/uploads\/2020\/06\/11.jpg","datePublished":"2020-06-30T19:32:09+00:00","dateModified":"2020-07-07T02:54:25+00:00","breadcrumb":{"@id":"https:\/\/quimpli.com\/tienda\/producto\/ajax-bicloro\/#breadcrumb"},"inLanguage":"es","potentialAction":[{"@type":"ReadAction","target":["https:\/\/quimpli.com\/tienda\/producto\/ajax-bicloro\/"]}]},{"@type":"ImageObject","inLanguage":"es","@id":"https:\/\/quimpli.com\/tienda\/producto\/ajax-bicloro\/#primaryimage","url":"https:\/\/quimpli.com\/tienda\/wp-content\/uploads\/2020\/06\/11.jpg","contentUrl":"https:\/\/quimpli.com\/tienda\/wp-content\/uploads\/2020\/06\/11.jpg","width":960,"height":640,"caption":"Ajax Bicloro"},{"@type":"BreadcrumbList","@id":"https:\/\/quimpli.com\/tienda\/producto\/ajax-bicloro\/#breadcrumb","itemListElement":[{"@type":"ListItem","position":1,"name":"Inicio","item":"https:\/\/quimpli.com\/tienda\/"},{"@type":"ListItem","position":2,"name":"Comprar","item":"https:\/\/quimpli.com\/tienda\/"},{"@type":"ListItem","position":3,"name":"Ajax Bicloro"}]},{"@type":"WebSite","@id":"https:\/\/quimpli.com\/tienda\/#website","url":"https:\/\/quimpli.com\/tienda\/","name":"QUIMPLI","description":"","potentialAction":[{"@type":"SearchAction","target":{"@type":"EntryPoint","urlTemplate":"https:\/\/quimpli.com\/tienda\/?s={search_term_string}"},"query-input":{"@type":"PropertyValueSpecification","valueRequired":true,"valueName":"search_term_string"}}],"inLanguage":"es"}]}},"_links":{"self":[{"href":"https:\/\/quimpli.com\/tienda\/wp-json\/wp\/v2\/product\/132","targetHints":{"allow":["GET"]}}],"collection":[{"href":"https:\/\/quimpli.com\/tienda\/wp-json\/wp\/v2\/product"}],"about":[{"href":"https:\/\/quimpli.com\/tienda\/wp-json\/wp\/v2\/types\/product"}],"wp:featuredmedia":[{"embeddable":true,"href":"https:\/\/quimpli.com\/tienda\/wp-json\/wp\/v2\/media\/69"}],"wp:attachment":[{"href":"https:\/\/quimpli.com\/tienda\/wp-json\/wp\/v2\/media?parent=132"}],"wp:term":[{"taxonomy":"product_brand","embeddable":true,"href":"https:\/\/quimpli.com\/tienda\/wp-json\/wp\/v2\/product_brand?post=132"},{"taxonomy":"product_cat","embeddable":true,"href":"https:\/\/quimpli.com\/tienda\/wp-json\/wp\/v2\/product_cat?post=132"},{"taxonomy":"product_tag","embeddable":true,"href":"https:\/\/quimpli.com\/tienda\/wp-json\/wp\/v2\/product_tag?post=132"}],"curies":[{"name":"wp","href":"https:\/\/api.w.org\/{rel}","templated":true}]}}