{"id":162,"date":"2020-06-30T22:52:33","date_gmt":"2020-06-30T22:52:33","guid":{"rendered":"https:\/\/quimpli.com\/tienda\/?post_type=product&#038;p=162"},"modified":"2020-07-07T03:02:24","modified_gmt":"2020-07-07T03:02:24","slug":"cubeta-no-16","status":"publish","type":"product","link":"https:\/\/quimpli.com\/tienda\/producto\/cubeta-no-16\/","title":{"rendered":"Cubeta No. 16"},"content":{"rendered":"<ul>\n<li>Cubeta de pl\u00e1stico.<\/li>\n<li>\u00datil para realizar trabajos de limpieza.<\/li>\n<li>Capacidad de 17 litros que se podr\u00e1n calcular al interior del recipiente con su medidor grabado.<\/li>\n<li>Incluye vertedero que simplifica su uso.<\/li>\n<\/ul>\n","protected":false},"excerpt":{"rendered":"<ul>\n<li>Cubeta de pl\u00e1stico.<\/li>\n<li>\u00datil para realizar trabajos de limpieza.<\/li>\n<li>Capacidad de 17 litros que se podr\u00e1n calcular al interior del recipiente con su medidor grabado.<\/li>\n<li>Incluye vertedero que simplifica su uso.<\/li>\n<\/ul>\n","protected":false},"featured_media":66,"template":"","meta":[],"product_brand":[],"product_cat":[16],"product_tag":[],"class_list":{"0":"post-162","1":"product","2":"type-product","3":"status-publish","4":"has-post-thumbnail","6":"product_cat-accesorios","8":"first","9":"instock","10":"taxable","11":"shipping-taxable","12":"purchasable","13":"product-type-simple"},"yoast_head":"<!-- This site is optimized with the Yoast SEO plugin v26.8 - https:\/\/yoast.com\/product\/yoast-seo-wordpress\/ -->\n<title>Cubeta No. 16 - QUIMPLI<\/title>\n<meta name=\"robots\" content=\"index, follow, max-snippet:-1, max-image-preview:large, max-video-preview:-1\" \/>\n<link rel=\"canonical\" href=\"https:\/\/quimpli.com\/tienda\/producto\/cubeta-no-16\/\" \/>\n<meta property=\"og:locale\" content=\"es_MX\" \/>\n<meta property=\"og:type\" content=\"article\" \/>\n<meta property=\"og:title\" content=\"Cubeta No. 16 - QUIMPLI\" \/>\n<meta property=\"og:description\" content=\"Cubeta de pl\u00e1stico.  \u00datil para realizar trabajos de limpieza.  Capacidad de 17 litros que se podr\u00e1n calcular al interior del recipiente con su medidor grabado.  Incluye vertedero que simplifica su uso.\" \/>\n<meta property=\"og:url\" content=\"https:\/\/quimpli.com\/tienda\/producto\/cubeta-no-16\/\" \/>\n<meta property=\"og:site_name\" content=\"QUIMPLI\" \/>\n<meta property=\"article:modified_time\" content=\"2020-07-07T03:02:24+00:00\" \/>\n<meta property=\"og:image\" content=\"https:\/\/quimpli.com\/tienda\/wp-content\/uploads\/2020\/06\/6.jpg\" \/>\n\t<meta property=\"og:image:width\" content=\"960\" \/>\n\t<meta property=\"og:image:height\" content=\"640\" \/>\n\t<meta property=\"og:image:type\" content=\"image\/jpeg\" \/>\n<meta name=\"twitter:card\" content=\"summary_large_image\" \/>\n<script type=\"application\/ld+json\" class=\"yoast-schema-graph\">{\"@context\":\"https:\/\/schema.org\",\"@graph\":[{\"@type\":\"WebPage\",\"@id\":\"https:\/\/quimpli.com\/tienda\/producto\/cubeta-no-16\/\",\"url\":\"https:\/\/quimpli.com\/tienda\/producto\/cubeta-no-16\/\",\"name\":\"Cubeta No. 16 - QUIMPLI\",\"isPartOf\":{\"@id\":\"https:\/\/quimpli.com\/tienda\/#website\"},\"primaryImageOfPage\":{\"@id\":\"https:\/\/quimpli.com\/tienda\/producto\/cubeta-no-16\/#primaryimage\"},\"image\":{\"@id\":\"https:\/\/quimpli.com\/tienda\/producto\/cubeta-no-16\/#primaryimage\"},\"thumbnailUrl\":\"https:\/\/quimpli.com\/tienda\/wp-content\/uploads\/2020\/06\/6.jpg\",\"datePublished\":\"2020-06-30T22:52:33+00:00\",\"dateModified\":\"2020-07-07T03:02:24+00:00\",\"breadcrumb\":{\"@id\":\"https:\/\/quimpli.com\/tienda\/producto\/cubeta-no-16\/#breadcrumb\"},\"inLanguage\":\"es\",\"potentialAction\":[{\"@type\":\"ReadAction\",\"target\":[\"https:\/\/quimpli.com\/tienda\/producto\/cubeta-no-16\/\"]}]},{\"@type\":\"ImageObject\",\"inLanguage\":\"es\",\"@id\":\"https:\/\/quimpli.com\/tienda\/producto\/cubeta-no-16\/#primaryimage\",\"url\":\"https:\/\/quimpli.com\/tienda\/wp-content\/uploads\/2020\/06\/6.jpg\",\"contentUrl\":\"https:\/\/quimpli.com\/tienda\/wp-content\/uploads\/2020\/06\/6.jpg\",\"width\":960,\"height\":640,\"caption\":\"CUBETA N\u00ba 16 ( 17 LITROS)\"},{\"@type\":\"BreadcrumbList\",\"@id\":\"https:\/\/quimpli.com\/tienda\/producto\/cubeta-no-16\/#breadcrumb\",\"itemListElement\":[{\"@type\":\"ListItem\",\"position\":1,\"name\":\"Inicio\",\"item\":\"https:\/\/quimpli.com\/tienda\/\"},{\"@type\":\"ListItem\",\"position\":2,\"name\":\"Comprar\",\"item\":\"https:\/\/quimpli.com\/tienda\/\"},{\"@type\":\"ListItem\",\"position\":3,\"name\":\"Cubeta No. 16\"}]},{\"@type\":\"WebSite\",\"@id\":\"https:\/\/quimpli.com\/tienda\/#website\",\"url\":\"https:\/\/quimpli.com\/tienda\/\",\"name\":\"QUIMPLI\",\"description\":\"\",\"potentialAction\":[{\"@type\":\"SearchAction\",\"target\":{\"@type\":\"EntryPoint\",\"urlTemplate\":\"https:\/\/quimpli.com\/tienda\/?s={search_term_string}\"},\"query-input\":{\"@type\":\"PropertyValueSpecification\",\"valueRequired\":true,\"valueName\":\"search_term_string\"}}],\"inLanguage\":\"es\"}]}<\/script>\n<!-- \/ Yoast SEO plugin. -->","yoast_head_json":{"title":"Cubeta No. 16 - QUIMPLI","robots":{"index":"index","follow":"follow","max-snippet":"max-snippet:-1","max-image-preview":"max-image-preview:large","max-video-preview":"max-video-preview:-1"},"canonical":"https:\/\/quimpli.com\/tienda\/producto\/cubeta-no-16\/","og_locale":"es_MX","og_type":"article","og_title":"Cubeta No. 16 - QUIMPLI","og_description":"Cubeta de pl\u00e1stico.  \u00datil para realizar trabajos de limpieza.  Capacidad de 17 litros que se podr\u00e1n calcular al interior del recipiente con su medidor grabado.  Incluye vertedero que simplifica su uso.","og_url":"https:\/\/quimpli.com\/tienda\/producto\/cubeta-no-16\/","og_site_name":"QUIMPLI","article_modified_time":"2020-07-07T03:02:24+00:00","og_image":[{"width":960,"height":640,"url":"https:\/\/quimpli.com\/tienda\/wp-content\/uploads\/2020\/06\/6.jpg","type":"image\/jpeg"}],"twitter_card":"summary_large_image","schema":{"@context":"https:\/\/schema.org","@graph":[{"@type":"WebPage","@id":"https:\/\/quimpli.com\/tienda\/producto\/cubeta-no-16\/","url":"https:\/\/quimpli.com\/tienda\/producto\/cubeta-no-16\/","name":"Cubeta No. 16 - QUIMPLI","isPartOf":{"@id":"https:\/\/quimpli.com\/tienda\/#website"},"primaryImageOfPage":{"@id":"https:\/\/quimpli.com\/tienda\/producto\/cubeta-no-16\/#primaryimage"},"image":{"@id":"https:\/\/quimpli.com\/tienda\/producto\/cubeta-no-16\/#primaryimage"},"thumbnailUrl":"https:\/\/quimpli.com\/tienda\/wp-content\/uploads\/2020\/06\/6.jpg","datePublished":"2020-06-30T22:52:33+00:00","dateModified":"2020-07-07T03:02:24+00:00","breadcrumb":{"@id":"https:\/\/quimpli.com\/tienda\/producto\/cubeta-no-16\/#breadcrumb"},"inLanguage":"es","potentialAction":[{"@type":"ReadAction","target":["https:\/\/quimpli.com\/tienda\/producto\/cubeta-no-16\/"]}]},{"@type":"ImageObject","inLanguage":"es","@id":"https:\/\/quimpli.com\/tienda\/producto\/cubeta-no-16\/#primaryimage","url":"https:\/\/quimpli.com\/tienda\/wp-content\/uploads\/2020\/06\/6.jpg","contentUrl":"https:\/\/quimpli.com\/tienda\/wp-content\/uploads\/2020\/06\/6.jpg","width":960,"height":640,"caption":"CUBETA N\u00ba 16 ( 17 LITROS)"},{"@type":"BreadcrumbList","@id":"https:\/\/quimpli.com\/tienda\/producto\/cubeta-no-16\/#breadcrumb","itemListElement":[{"@type":"ListItem","position":1,"name":"Inicio","item":"https:\/\/quimpli.com\/tienda\/"},{"@type":"ListItem","position":2,"name":"Comprar","item":"https:\/\/quimpli.com\/tienda\/"},{"@type":"ListItem","position":3,"name":"Cubeta No. 16"}]},{"@type":"WebSite","@id":"https:\/\/quimpli.com\/tienda\/#website","url":"https:\/\/quimpli.com\/tienda\/","name":"QUIMPLI","description":"","potentialAction":[{"@type":"SearchAction","target":{"@type":"EntryPoint","urlTemplate":"https:\/\/quimpli.com\/tienda\/?s={search_term_string}"},"query-input":{"@type":"PropertyValueSpecification","valueRequired":true,"valueName":"search_term_string"}}],"inLanguage":"es"}]}},"_links":{"self":[{"href":"https:\/\/quimpli.com\/tienda\/wp-json\/wp\/v2\/product\/162","targetHints":{"allow":["GET"]}}],"collection":[{"href":"https:\/\/quimpli.com\/tienda\/wp-json\/wp\/v2\/product"}],"about":[{"href":"https:\/\/quimpli.com\/tienda\/wp-json\/wp\/v2\/types\/product"}],"wp:featuredmedia":[{"embeddable":true,"href":"https:\/\/quimpli.com\/tienda\/wp-json\/wp\/v2\/media\/66"}],"wp:attachment":[{"href":"https:\/\/quimpli.com\/tienda\/wp-json\/wp\/v2\/media?parent=162"}],"wp:term":[{"taxonomy":"product_brand","embeddable":true,"href":"https:\/\/quimpli.com\/tienda\/wp-json\/wp\/v2\/product_brand?post=162"},{"taxonomy":"product_cat","embeddable":true,"href":"https:\/\/quimpli.com\/tienda\/wp-json\/wp\/v2\/product_cat?post=162"},{"taxonomy":"product_tag","embeddable":true,"href":"https:\/\/quimpli.com\/tienda\/wp-json\/wp\/v2\/product_tag?post=162"}],"curies":[{"name":"wp","href":"https:\/\/api.w.org\/{rel}","templated":true}]}}