{"id":163,"date":"2020-06-30T22:57:27","date_gmt":"2020-06-30T22:57:27","guid":{"rendered":"https:\/\/quimpli.com\/tienda\/?post_type=product&#038;p=163"},"modified":"2023-07-19T17:54:01","modified_gmt":"2023-07-19T17:54:01","slug":"cubre-bocas-desechable","status":"publish","type":"product","link":"https:\/\/quimpli.com\/tienda\/producto\/cubre-bocas-desechable\/","title":{"rendered":"DETERGENTE"},"content":{"rendered":"<ul>\n<li>No est\u00e9ril.<\/li>\n<li>100% Polipropileno.<\/li>\n<li>Uso general.<\/li>\n<li>F\u00e1cil protecci\u00f3n.<\/li>\n<li>Protecci\u00f3n contra microbacterias.<\/li>\n<li>Caja con 250 cubre bocas.<\/li>\n<\/ul>\n","protected":false},"excerpt":{"rendered":"<ul>\n<li>No est\u00e9ril.<\/li>\n<li>100% Polipropileno.<\/li>\n<li>Uso general.<\/li>\n<li>F\u00e1cil protecci\u00f3n.<\/li>\n<li>Protecci\u00f3n contra microbacterias.<\/li>\n<li>Caja con 250 cubre bocas.<\/li>\n<\/ul>\n","protected":false},"featured_media":77,"template":"","meta":[],"product_brand":[],"product_cat":[16],"product_tag":[],"class_list":{"0":"post-163","1":"product","2":"type-product","3":"status-publish","4":"has-post-thumbnail","6":"product_cat-accesorios","8":"first","9":"instock","10":"taxable","11":"shipping-taxable","12":"purchasable","13":"product-type-simple"},"yoast_head":"<!-- This site is optimized with the Yoast SEO plugin v26.8 - https:\/\/yoast.com\/product\/yoast-seo-wordpress\/ -->\n<title>DETERGENTE - QUIMPLI<\/title>\n<meta name=\"robots\" content=\"index, follow, max-snippet:-1, max-image-preview:large, max-video-preview:-1\" \/>\n<link rel=\"canonical\" href=\"https:\/\/quimpli.com\/tienda\/producto\/cubre-bocas-desechable\/\" \/>\n<meta property=\"og:locale\" content=\"es_MX\" \/>\n<meta property=\"og:type\" content=\"article\" \/>\n<meta property=\"og:title\" content=\"DETERGENTE - QUIMPLI\" \/>\n<meta property=\"og:description\" content=\"No est\u00e9ril.  100% Polipropileno.  Uso general.  F\u00e1cil protecci\u00f3n.  Protecci\u00f3n contra microbacterias.  Caja con 250 cubre bocas.\" \/>\n<meta property=\"og:url\" content=\"https:\/\/quimpli.com\/tienda\/producto\/cubre-bocas-desechable\/\" \/>\n<meta property=\"og:site_name\" content=\"QUIMPLI\" \/>\n<meta property=\"article:modified_time\" content=\"2023-07-19T17:54:01+00:00\" \/>\n<meta property=\"og:image\" content=\"https:\/\/quimpli.com\/tienda\/wp-content\/uploads\/2020\/06\/18.jpg\" \/>\n\t<meta property=\"og:image:width\" content=\"960\" \/>\n\t<meta property=\"og:image:height\" content=\"640\" \/>\n\t<meta property=\"og:image:type\" content=\"image\/jpeg\" \/>\n<meta name=\"twitter:card\" content=\"summary_large_image\" \/>\n<meta name=\"twitter:label1\" content=\"Tiempo de lectura\" \/>\n\t<meta name=\"twitter:data1\" content=\"1 minuto\" \/>\n<script type=\"application\/ld+json\" class=\"yoast-schema-graph\">{\"@context\":\"https:\/\/schema.org\",\"@graph\":[{\"@type\":\"WebPage\",\"@id\":\"https:\/\/quimpli.com\/tienda\/producto\/cubre-bocas-desechable\/\",\"url\":\"https:\/\/quimpli.com\/tienda\/producto\/cubre-bocas-desechable\/\",\"name\":\"DETERGENTE - QUIMPLI\",\"isPartOf\":{\"@id\":\"https:\/\/quimpli.com\/tienda\/#website\"},\"primaryImageOfPage\":{\"@id\":\"https:\/\/quimpli.com\/tienda\/producto\/cubre-bocas-desechable\/#primaryimage\"},\"image\":{\"@id\":\"https:\/\/quimpli.com\/tienda\/producto\/cubre-bocas-desechable\/#primaryimage\"},\"thumbnailUrl\":\"https:\/\/quimpli.com\/tienda\/wp-content\/uploads\/2020\/06\/18.jpg\",\"datePublished\":\"2020-06-30T22:57:27+00:00\",\"dateModified\":\"2023-07-19T17:54:01+00:00\",\"breadcrumb\":{\"@id\":\"https:\/\/quimpli.com\/tienda\/producto\/cubre-bocas-desechable\/#breadcrumb\"},\"inLanguage\":\"es\",\"potentialAction\":[{\"@type\":\"ReadAction\",\"target\":[\"https:\/\/quimpli.com\/tienda\/producto\/cubre-bocas-desechable\/\"]}]},{\"@type\":\"ImageObject\",\"inLanguage\":\"es\",\"@id\":\"https:\/\/quimpli.com\/tienda\/producto\/cubre-bocas-desechable\/#primaryimage\",\"url\":\"https:\/\/quimpli.com\/tienda\/wp-content\/uploads\/2020\/06\/18.jpg\",\"contentUrl\":\"https:\/\/quimpli.com\/tienda\/wp-content\/uploads\/2020\/06\/18.jpg\",\"width\":960,\"height\":640,\"caption\":\"Cubre boca desechable\"},{\"@type\":\"BreadcrumbList\",\"@id\":\"https:\/\/quimpli.com\/tienda\/producto\/cubre-bocas-desechable\/#breadcrumb\",\"itemListElement\":[{\"@type\":\"ListItem\",\"position\":1,\"name\":\"Inicio\",\"item\":\"https:\/\/quimpli.com\/tienda\/\"},{\"@type\":\"ListItem\",\"position\":2,\"name\":\"Comprar\",\"item\":\"https:\/\/quimpli.com\/tienda\/\"},{\"@type\":\"ListItem\",\"position\":3,\"name\":\"DETERGENTE\"}]},{\"@type\":\"WebSite\",\"@id\":\"https:\/\/quimpli.com\/tienda\/#website\",\"url\":\"https:\/\/quimpli.com\/tienda\/\",\"name\":\"QUIMPLI\",\"description\":\"\",\"potentialAction\":[{\"@type\":\"SearchAction\",\"target\":{\"@type\":\"EntryPoint\",\"urlTemplate\":\"https:\/\/quimpli.com\/tienda\/?s={search_term_string}\"},\"query-input\":{\"@type\":\"PropertyValueSpecification\",\"valueRequired\":true,\"valueName\":\"search_term_string\"}}],\"inLanguage\":\"es\"}]}<\/script>\n<!-- \/ Yoast SEO plugin. -->","yoast_head_json":{"title":"DETERGENTE - QUIMPLI","robots":{"index":"index","follow":"follow","max-snippet":"max-snippet:-1","max-image-preview":"max-image-preview:large","max-video-preview":"max-video-preview:-1"},"canonical":"https:\/\/quimpli.com\/tienda\/producto\/cubre-bocas-desechable\/","og_locale":"es_MX","og_type":"article","og_title":"DETERGENTE - QUIMPLI","og_description":"No est\u00e9ril.  100% Polipropileno.  Uso general.  F\u00e1cil protecci\u00f3n.  Protecci\u00f3n contra microbacterias.  Caja con 250 cubre bocas.","og_url":"https:\/\/quimpli.com\/tienda\/producto\/cubre-bocas-desechable\/","og_site_name":"QUIMPLI","article_modified_time":"2023-07-19T17:54:01+00:00","og_image":[{"width":960,"height":640,"url":"https:\/\/quimpli.com\/tienda\/wp-content\/uploads\/2020\/06\/18.jpg","type":"image\/jpeg"}],"twitter_card":"summary_large_image","twitter_misc":{"Tiempo de lectura":"1 minuto"},"schema":{"@context":"https:\/\/schema.org","@graph":[{"@type":"WebPage","@id":"https:\/\/quimpli.com\/tienda\/producto\/cubre-bocas-desechable\/","url":"https:\/\/quimpli.com\/tienda\/producto\/cubre-bocas-desechable\/","name":"DETERGENTE - QUIMPLI","isPartOf":{"@id":"https:\/\/quimpli.com\/tienda\/#website"},"primaryImageOfPage":{"@id":"https:\/\/quimpli.com\/tienda\/producto\/cubre-bocas-desechable\/#primaryimage"},"image":{"@id":"https:\/\/quimpli.com\/tienda\/producto\/cubre-bocas-desechable\/#primaryimage"},"thumbnailUrl":"https:\/\/quimpli.com\/tienda\/wp-content\/uploads\/2020\/06\/18.jpg","datePublished":"2020-06-30T22:57:27+00:00","dateModified":"2023-07-19T17:54:01+00:00","breadcrumb":{"@id":"https:\/\/quimpli.com\/tienda\/producto\/cubre-bocas-desechable\/#breadcrumb"},"inLanguage":"es","potentialAction":[{"@type":"ReadAction","target":["https:\/\/quimpli.com\/tienda\/producto\/cubre-bocas-desechable\/"]}]},{"@type":"ImageObject","inLanguage":"es","@id":"https:\/\/quimpli.com\/tienda\/producto\/cubre-bocas-desechable\/#primaryimage","url":"https:\/\/quimpli.com\/tienda\/wp-content\/uploads\/2020\/06\/18.jpg","contentUrl":"https:\/\/quimpli.com\/tienda\/wp-content\/uploads\/2020\/06\/18.jpg","width":960,"height":640,"caption":"Cubre boca desechable"},{"@type":"BreadcrumbList","@id":"https:\/\/quimpli.com\/tienda\/producto\/cubre-bocas-desechable\/#breadcrumb","itemListElement":[{"@type":"ListItem","position":1,"name":"Inicio","item":"https:\/\/quimpli.com\/tienda\/"},{"@type":"ListItem","position":2,"name":"Comprar","item":"https:\/\/quimpli.com\/tienda\/"},{"@type":"ListItem","position":3,"name":"DETERGENTE"}]},{"@type":"WebSite","@id":"https:\/\/quimpli.com\/tienda\/#website","url":"https:\/\/quimpli.com\/tienda\/","name":"QUIMPLI","description":"","potentialAction":[{"@type":"SearchAction","target":{"@type":"EntryPoint","urlTemplate":"https:\/\/quimpli.com\/tienda\/?s={search_term_string}"},"query-input":{"@type":"PropertyValueSpecification","valueRequired":true,"valueName":"search_term_string"}}],"inLanguage":"es"}]}},"_links":{"self":[{"href":"https:\/\/quimpli.com\/tienda\/wp-json\/wp\/v2\/product\/163","targetHints":{"allow":["GET"]}}],"collection":[{"href":"https:\/\/quimpli.com\/tienda\/wp-json\/wp\/v2\/product"}],"about":[{"href":"https:\/\/quimpli.com\/tienda\/wp-json\/wp\/v2\/types\/product"}],"wp:featuredmedia":[{"embeddable":true,"href":"https:\/\/quimpli.com\/tienda\/wp-json\/wp\/v2\/media\/77"}],"wp:attachment":[{"href":"https:\/\/quimpli.com\/tienda\/wp-json\/wp\/v2\/media?parent=163"}],"wp:term":[{"taxonomy":"product_brand","embeddable":true,"href":"https:\/\/quimpli.com\/tienda\/wp-json\/wp\/v2\/product_brand?post=163"},{"taxonomy":"product_cat","embeddable":true,"href":"https:\/\/quimpli.com\/tienda\/wp-json\/wp\/v2\/product_cat?post=163"},{"taxonomy":"product_tag","embeddable":true,"href":"https:\/\/quimpli.com\/tienda\/wp-json\/wp\/v2\/product_tag?post=163"}],"curies":[{"name":"wp","href":"https:\/\/api.w.org\/{rel}","templated":true}]}}