{"id":195,"date":"2020-07-01T02:03:01","date_gmt":"2020-07-01T02:03:01","guid":{"rendered":"https:\/\/quimpli.com\/tienda\/?post_type=product&#038;p=195"},"modified":"2020-07-07T03:19:06","modified_gmt":"2020-07-07T03:19:06","slug":"limpiador-de-madera-pledge","status":"publish","type":"product","link":"https:\/\/quimpli.com\/tienda\/producto\/limpiador-de-madera-pledge\/","title":{"rendered":"Limpiador de madera Pledge"},"content":{"rendered":"<ul>\n<li class=\"description_productDescription__2SZ_T text_text__1DYNl\">El lustrador de muebles Pledge Maderas embellece y realza la apariencia de los muebles de madera.<\/li>\n<li class=\"description_productDescription__2SZ_T text_text__1DYNl\">Da brillo y proteger con rapidez.<\/li>\n<li class=\"description_productDescription__2SZ_T text_text__1DYNl\">Cl\u00e1sico aroma de Pledge.<\/li>\n<li class=\"description_productDescription__2SZ_T text_text__1DYNl\">Su f\u00f3rmula elimina hasta el 90 % de los al\u00e9rgenos causados por el polvo y el pelo de mascotas, y repele el polvo por 7 d\u00edas.<\/li>\n<li class=\"description_productDescription__2SZ_T text_text__1DYNl\">Pledge\u00ae Aerosol Maderas puede usarse \u00a0para limpiar, abrillantar y proteger r\u00e1pidamente las superficies duras, dejando un aroma fresco y limpio.<\/li>\n<li class=\"description_productDescription__2SZ_T text_text__1DYNl\">Ideal como limpiador de madera, pero puedes usarlo en muebles, puertas, recubrimientos, cuero o imitaci\u00f3n cuero (incluso zapatos), m\u00e1rmol y granito sellados.<\/li>\n<\/ul>\n","protected":false},"excerpt":{"rendered":"<ul>\n<li class=\"description_productDescription__2SZ_T text_text__1DYNl\">El lustrador de muebles Pledge Maderas embellece y realza la apariencia de los muebles de madera.<\/li>\n<li class=\"description_productDescription__2SZ_T text_text__1DYNl\">Da brillo y proteger con rapidez.<\/li>\n<li class=\"description_productDescription__2SZ_T text_text__1DYNl\">Cl\u00e1sico aroma de Pledge.<\/li>\n<li class=\"description_productDescription__2SZ_T text_text__1DYNl\">Su f\u00f3rmula elimina hasta el 90 % de los al\u00e9rgenos causados por el polvo y el pelo de mascotas, y repele el polvo por 7 d\u00edas.<\/li>\n<li class=\"description_productDescription__2SZ_T text_text__1DYNl\">Pledge\u00ae Aerosol Maderas puede usarse \u00a0para limpiar, abrillantar y proteger r\u00e1pidamente las superficies duras, dejando un aroma fresco y limpio.<\/li>\n<li class=\"description_productDescription__2SZ_T text_text__1DYNl\">Ideal como limpiador de madera, pero puedes usarlo en muebles, puertas, recubrimientos, cuero o imitaci\u00f3n cuero (incluso zapatos), m\u00e1rmol y granito sellados.<\/li>\n<\/ul>\n","protected":false},"featured_media":62,"template":"","meta":[],"product_brand":[],"product_cat":[16],"product_tag":[],"class_list":{"0":"post-195","1":"product","2":"type-product","3":"status-publish","4":"has-post-thumbnail","6":"product_cat-accesorios","8":"first","9":"instock","10":"taxable","11":"shipping-taxable","12":"purchasable","13":"product-type-simple"},"yoast_head":"<!-- This site is optimized with the Yoast SEO plugin v26.8 - https:\/\/yoast.com\/product\/yoast-seo-wordpress\/ -->\n<title>Limpiador de madera Pledge - QUIMPLI<\/title>\n<meta name=\"robots\" content=\"index, follow, max-snippet:-1, max-image-preview:large, max-video-preview:-1\" \/>\n<link rel=\"canonical\" href=\"https:\/\/quimpli.com\/tienda\/producto\/limpiador-de-madera-pledge\/\" \/>\n<meta property=\"og:locale\" content=\"es_MX\" \/>\n<meta property=\"og:type\" content=\"article\" \/>\n<meta property=\"og:title\" content=\"Limpiador de madera Pledge - QUIMPLI\" \/>\n<meta property=\"og:description\" content=\"El lustrador de muebles Pledge Maderas embellece y realza la apariencia de los muebles de madera.  Da brillo y proteger con rapidez.  Cl\u00e1sico aroma de Pledge.  Su f\u00f3rmula elimina hasta el 90 % de los al\u00e9rgenos causados por el polvo y el pelo de mascotas, y repele el polvo por 7 d\u00edas.  Pledge\u00ae Aerosol Maderas puede usarse \u00a0para limpiar, abrillantar y proteger r\u00e1pidamente las superficies duras, dejando un aroma fresco y limpio.  Ideal como limpiador de madera, pero puedes usarlo en muebles, puertas, recubrimientos, cuero o imitaci\u00f3n cuero (incluso zapatos), m\u00e1rmol y granito sellados.\" \/>\n<meta property=\"og:url\" content=\"https:\/\/quimpli.com\/tienda\/producto\/limpiador-de-madera-pledge\/\" \/>\n<meta property=\"og:site_name\" content=\"QUIMPLI\" \/>\n<meta property=\"article:modified_time\" content=\"2020-07-07T03:19:06+00:00\" \/>\n<meta property=\"og:image\" content=\"https:\/\/quimpli.com\/tienda\/wp-content\/uploads\/2020\/06\/2.jpg\" \/>\n\t<meta property=\"og:image:width\" content=\"960\" \/>\n\t<meta property=\"og:image:height\" content=\"640\" \/>\n\t<meta property=\"og:image:type\" content=\"image\/jpeg\" \/>\n<meta name=\"twitter:card\" content=\"summary_large_image\" \/>\n<script type=\"application\/ld+json\" class=\"yoast-schema-graph\">{\"@context\":\"https:\/\/schema.org\",\"@graph\":[{\"@type\":\"WebPage\",\"@id\":\"https:\/\/quimpli.com\/tienda\/producto\/limpiador-de-madera-pledge\/\",\"url\":\"https:\/\/quimpli.com\/tienda\/producto\/limpiador-de-madera-pledge\/\",\"name\":\"Limpiador de madera Pledge - QUIMPLI\",\"isPartOf\":{\"@id\":\"https:\/\/quimpli.com\/tienda\/#website\"},\"primaryImageOfPage\":{\"@id\":\"https:\/\/quimpli.com\/tienda\/producto\/limpiador-de-madera-pledge\/#primaryimage\"},\"image\":{\"@id\":\"https:\/\/quimpli.com\/tienda\/producto\/limpiador-de-madera-pledge\/#primaryimage\"},\"thumbnailUrl\":\"https:\/\/quimpli.com\/tienda\/wp-content\/uploads\/2020\/06\/2.jpg\",\"datePublished\":\"2020-07-01T02:03:01+00:00\",\"dateModified\":\"2020-07-07T03:19:06+00:00\",\"breadcrumb\":{\"@id\":\"https:\/\/quimpli.com\/tienda\/producto\/limpiador-de-madera-pledge\/#breadcrumb\"},\"inLanguage\":\"es\",\"potentialAction\":[{\"@type\":\"ReadAction\",\"target\":[\"https:\/\/quimpli.com\/tienda\/producto\/limpiador-de-madera-pledge\/\"]}]},{\"@type\":\"ImageObject\",\"inLanguage\":\"es\",\"@id\":\"https:\/\/quimpli.com\/tienda\/producto\/limpiador-de-madera-pledge\/#primaryimage\",\"url\":\"https:\/\/quimpli.com\/tienda\/wp-content\/uploads\/2020\/06\/2.jpg\",\"contentUrl\":\"https:\/\/quimpli.com\/tienda\/wp-content\/uploads\/2020\/06\/2.jpg\",\"width\":960,\"height\":640,\"caption\":\"Limpiador de madera\"},{\"@type\":\"BreadcrumbList\",\"@id\":\"https:\/\/quimpli.com\/tienda\/producto\/limpiador-de-madera-pledge\/#breadcrumb\",\"itemListElement\":[{\"@type\":\"ListItem\",\"position\":1,\"name\":\"Inicio\",\"item\":\"https:\/\/quimpli.com\/tienda\/\"},{\"@type\":\"ListItem\",\"position\":2,\"name\":\"Comprar\",\"item\":\"https:\/\/quimpli.com\/tienda\/\"},{\"@type\":\"ListItem\",\"position\":3,\"name\":\"Limpiador de madera Pledge\"}]},{\"@type\":\"WebSite\",\"@id\":\"https:\/\/quimpli.com\/tienda\/#website\",\"url\":\"https:\/\/quimpli.com\/tienda\/\",\"name\":\"QUIMPLI\",\"description\":\"\",\"potentialAction\":[{\"@type\":\"SearchAction\",\"target\":{\"@type\":\"EntryPoint\",\"urlTemplate\":\"https:\/\/quimpli.com\/tienda\/?s={search_term_string}\"},\"query-input\":{\"@type\":\"PropertyValueSpecification\",\"valueRequired\":true,\"valueName\":\"search_term_string\"}}],\"inLanguage\":\"es\"}]}<\/script>\n<!-- \/ Yoast SEO plugin. -->","yoast_head_json":{"title":"Limpiador de madera Pledge - QUIMPLI","robots":{"index":"index","follow":"follow","max-snippet":"max-snippet:-1","max-image-preview":"max-image-preview:large","max-video-preview":"max-video-preview:-1"},"canonical":"https:\/\/quimpli.com\/tienda\/producto\/limpiador-de-madera-pledge\/","og_locale":"es_MX","og_type":"article","og_title":"Limpiador de madera Pledge - QUIMPLI","og_description":"El lustrador de muebles Pledge Maderas embellece y realza la apariencia de los muebles de madera.  Da brillo y proteger con rapidez.  Cl\u00e1sico aroma de Pledge.  Su f\u00f3rmula elimina hasta el 90 % de los al\u00e9rgenos causados por el polvo y el pelo de mascotas, y repele el polvo por 7 d\u00edas.  Pledge\u00ae Aerosol Maderas puede usarse \u00a0para limpiar, abrillantar y proteger r\u00e1pidamente las superficies duras, dejando un aroma fresco y limpio.  Ideal como limpiador de madera, pero puedes usarlo en muebles, puertas, recubrimientos, cuero o imitaci\u00f3n cuero (incluso zapatos), m\u00e1rmol y granito sellados.","og_url":"https:\/\/quimpli.com\/tienda\/producto\/limpiador-de-madera-pledge\/","og_site_name":"QUIMPLI","article_modified_time":"2020-07-07T03:19:06+00:00","og_image":[{"width":960,"height":640,"url":"https:\/\/quimpli.com\/tienda\/wp-content\/uploads\/2020\/06\/2.jpg","type":"image\/jpeg"}],"twitter_card":"summary_large_image","schema":{"@context":"https:\/\/schema.org","@graph":[{"@type":"WebPage","@id":"https:\/\/quimpli.com\/tienda\/producto\/limpiador-de-madera-pledge\/","url":"https:\/\/quimpli.com\/tienda\/producto\/limpiador-de-madera-pledge\/","name":"Limpiador de madera Pledge - QUIMPLI","isPartOf":{"@id":"https:\/\/quimpli.com\/tienda\/#website"},"primaryImageOfPage":{"@id":"https:\/\/quimpli.com\/tienda\/producto\/limpiador-de-madera-pledge\/#primaryimage"},"image":{"@id":"https:\/\/quimpli.com\/tienda\/producto\/limpiador-de-madera-pledge\/#primaryimage"},"thumbnailUrl":"https:\/\/quimpli.com\/tienda\/wp-content\/uploads\/2020\/06\/2.jpg","datePublished":"2020-07-01T02:03:01+00:00","dateModified":"2020-07-07T03:19:06+00:00","breadcrumb":{"@id":"https:\/\/quimpli.com\/tienda\/producto\/limpiador-de-madera-pledge\/#breadcrumb"},"inLanguage":"es","potentialAction":[{"@type":"ReadAction","target":["https:\/\/quimpli.com\/tienda\/producto\/limpiador-de-madera-pledge\/"]}]},{"@type":"ImageObject","inLanguage":"es","@id":"https:\/\/quimpli.com\/tienda\/producto\/limpiador-de-madera-pledge\/#primaryimage","url":"https:\/\/quimpli.com\/tienda\/wp-content\/uploads\/2020\/06\/2.jpg","contentUrl":"https:\/\/quimpli.com\/tienda\/wp-content\/uploads\/2020\/06\/2.jpg","width":960,"height":640,"caption":"Limpiador de madera"},{"@type":"BreadcrumbList","@id":"https:\/\/quimpli.com\/tienda\/producto\/limpiador-de-madera-pledge\/#breadcrumb","itemListElement":[{"@type":"ListItem","position":1,"name":"Inicio","item":"https:\/\/quimpli.com\/tienda\/"},{"@type":"ListItem","position":2,"name":"Comprar","item":"https:\/\/quimpli.com\/tienda\/"},{"@type":"ListItem","position":3,"name":"Limpiador de madera Pledge"}]},{"@type":"WebSite","@id":"https:\/\/quimpli.com\/tienda\/#website","url":"https:\/\/quimpli.com\/tienda\/","name":"QUIMPLI","description":"","potentialAction":[{"@type":"SearchAction","target":{"@type":"EntryPoint","urlTemplate":"https:\/\/quimpli.com\/tienda\/?s={search_term_string}"},"query-input":{"@type":"PropertyValueSpecification","valueRequired":true,"valueName":"search_term_string"}}],"inLanguage":"es"}]}},"_links":{"self":[{"href":"https:\/\/quimpli.com\/tienda\/wp-json\/wp\/v2\/product\/195","targetHints":{"allow":["GET"]}}],"collection":[{"href":"https:\/\/quimpli.com\/tienda\/wp-json\/wp\/v2\/product"}],"about":[{"href":"https:\/\/quimpli.com\/tienda\/wp-json\/wp\/v2\/types\/product"}],"wp:featuredmedia":[{"embeddable":true,"href":"https:\/\/quimpli.com\/tienda\/wp-json\/wp\/v2\/media\/62"}],"wp:attachment":[{"href":"https:\/\/quimpli.com\/tienda\/wp-json\/wp\/v2\/media?parent=195"}],"wp:term":[{"taxonomy":"product_brand","embeddable":true,"href":"https:\/\/quimpli.com\/tienda\/wp-json\/wp\/v2\/product_brand?post=195"},{"taxonomy":"product_cat","embeddable":true,"href":"https:\/\/quimpli.com\/tienda\/wp-json\/wp\/v2\/product_cat?post=195"},{"taxonomy":"product_tag","embeddable":true,"href":"https:\/\/quimpli.com\/tienda\/wp-json\/wp\/v2\/product_tag?post=195"}],"curies":[{"name":"wp","href":"https:\/\/api.w.org\/{rel}","templated":true}]}}