{"id":199,"date":"2020-07-01T02:15:31","date_gmt":"2020-07-01T02:15:31","guid":{"rendered":"https:\/\/quimpli.com\/tienda\/?post_type=product&#038;p=199"},"modified":"2020-07-07T03:21:34","modified_gmt":"2020-07-07T03:21:34","slug":"multilimpiador-con-aroma-quimpli","status":"publish","type":"product","link":"https:\/\/quimpli.com\/tienda\/producto\/multilimpiador-con-aroma-quimpli\/","title":{"rendered":"Multilimpiador con aroma QUIMPLI"},"content":{"rendered":"<ul class=\"a-unordered-list a-vertical a-spacing-mini\">\n<li><span class=\"a-list-item\">F\u00f3rmula 100% biodegradable,\u00a0no da\u00f1a el medio ambiente<\/span><\/li>\n<li><span class=\"a-list-item\">Desinfectante\u00a0de formulaci\u00f3n innovadora de uso general que no da\u00f1a al medio ambiente.<\/span><\/li>\n<li><span class=\"a-list-item\">Elimina bacterias, virus y hongos puede emplearse en todo tipo de superficies como cocina, ba\u00f1os, pisos, maderas, alfombras.<\/span><\/li>\n<li>Aroma agradable.<\/li>\n<li>Contenido neto 5 litros.<\/li>\n<\/ul>\n","protected":false},"excerpt":{"rendered":"<ul class=\"a-unordered-list a-vertical a-spacing-mini\">\n<li><span class=\"a-list-item\">F\u00f3rmula 100% biodegradable,\u00a0no da\u00f1a el medio ambiente<\/span><\/li>\n<li><span class=\"a-list-item\">Desinfectante\u00a0de formulaci\u00f3n innovadora de uso general que no da\u00f1a al medio ambiente.<\/span><\/li>\n<li><span class=\"a-list-item\">Elimina bacterias, virus y hongos puede emplearse en todo tipo de superficies como cocina, ba\u00f1os, pisos, maderas, alfombras.<\/span><\/li>\n<li>Aroma agradable.<\/li>\n<li>Contenido neto 5 litros.<\/li>\n<\/ul>\n","protected":false},"featured_media":121,"template":"","meta":[],"product_brand":[],"product_cat":[19],"product_tag":[],"class_list":{"0":"post-199","1":"product","2":"type-product","3":"status-publish","4":"has-post-thumbnail","6":"product_cat-quimicos","8":"first","9":"instock","10":"taxable","11":"shipping-taxable","12":"purchasable","13":"product-type-simple"},"yoast_head":"<!-- This site is optimized with the Yoast SEO plugin v26.8 - https:\/\/yoast.com\/product\/yoast-seo-wordpress\/ -->\n<title>Multilimpiador con aroma QUIMPLI - QUIMPLI<\/title>\n<meta name=\"robots\" content=\"index, follow, max-snippet:-1, max-image-preview:large, max-video-preview:-1\" \/>\n<link rel=\"canonical\" href=\"https:\/\/quimpli.com\/tienda\/producto\/multilimpiador-con-aroma-quimpli\/\" \/>\n<meta property=\"og:locale\" content=\"es_MX\" \/>\n<meta property=\"og:type\" content=\"article\" \/>\n<meta property=\"og:title\" content=\"Multilimpiador con aroma QUIMPLI - QUIMPLI\" \/>\n<meta property=\"og:description\" content=\"F\u00f3rmula 100% biodegradable,\u00a0no da\u00f1a el medio ambiente  Desinfectante\u00a0de formulaci\u00f3n innovadora de uso general que no da\u00f1a al medio ambiente.  Elimina bacterias, virus y hongos puede emplearse en todo tipo de superficies como cocina, ba\u00f1os, pisos, maderas, alfombras.  Aroma agradable.  Contenido neto 5 litros.\" \/>\n<meta property=\"og:url\" content=\"https:\/\/quimpli.com\/tienda\/producto\/multilimpiador-con-aroma-quimpli\/\" \/>\n<meta property=\"og:site_name\" content=\"QUIMPLI\" \/>\n<meta property=\"article:modified_time\" content=\"2020-07-07T03:21:34+00:00\" \/>\n<meta property=\"og:image\" content=\"https:\/\/quimpli.com\/tienda\/wp-content\/uploads\/2020\/06\/3-3.jpg\" \/>\n\t<meta property=\"og:image:width\" content=\"960\" \/>\n\t<meta property=\"og:image:height\" content=\"640\" \/>\n\t<meta property=\"og:image:type\" content=\"image\/jpeg\" \/>\n<meta name=\"twitter:card\" content=\"summary_large_image\" \/>\n<script type=\"application\/ld+json\" class=\"yoast-schema-graph\">{\"@context\":\"https:\/\/schema.org\",\"@graph\":[{\"@type\":\"WebPage\",\"@id\":\"https:\/\/quimpli.com\/tienda\/producto\/multilimpiador-con-aroma-quimpli\/\",\"url\":\"https:\/\/quimpli.com\/tienda\/producto\/multilimpiador-con-aroma-quimpli\/\",\"name\":\"Multilimpiador con aroma QUIMPLI - QUIMPLI\",\"isPartOf\":{\"@id\":\"https:\/\/quimpli.com\/tienda\/#website\"},\"primaryImageOfPage\":{\"@id\":\"https:\/\/quimpli.com\/tienda\/producto\/multilimpiador-con-aroma-quimpli\/#primaryimage\"},\"image\":{\"@id\":\"https:\/\/quimpli.com\/tienda\/producto\/multilimpiador-con-aroma-quimpli\/#primaryimage\"},\"thumbnailUrl\":\"https:\/\/quimpli.com\/tienda\/wp-content\/uploads\/2020\/06\/3-3.jpg\",\"datePublished\":\"2020-07-01T02:15:31+00:00\",\"dateModified\":\"2020-07-07T03:21:34+00:00\",\"breadcrumb\":{\"@id\":\"https:\/\/quimpli.com\/tienda\/producto\/multilimpiador-con-aroma-quimpli\/#breadcrumb\"},\"inLanguage\":\"es\",\"potentialAction\":[{\"@type\":\"ReadAction\",\"target\":[\"https:\/\/quimpli.com\/tienda\/producto\/multilimpiador-con-aroma-quimpli\/\"]}]},{\"@type\":\"ImageObject\",\"inLanguage\":\"es\",\"@id\":\"https:\/\/quimpli.com\/tienda\/producto\/multilimpiador-con-aroma-quimpli\/#primaryimage\",\"url\":\"https:\/\/quimpli.com\/tienda\/wp-content\/uploads\/2020\/06\/3-3.jpg\",\"contentUrl\":\"https:\/\/quimpli.com\/tienda\/wp-content\/uploads\/2020\/06\/3-3.jpg\",\"width\":960,\"height\":640,\"caption\":\"MULTILIMPIADOR CON AROMA QUIMPLI\"},{\"@type\":\"BreadcrumbList\",\"@id\":\"https:\/\/quimpli.com\/tienda\/producto\/multilimpiador-con-aroma-quimpli\/#breadcrumb\",\"itemListElement\":[{\"@type\":\"ListItem\",\"position\":1,\"name\":\"Inicio\",\"item\":\"https:\/\/quimpli.com\/tienda\/\"},{\"@type\":\"ListItem\",\"position\":2,\"name\":\"Comprar\",\"item\":\"https:\/\/quimpli.com\/tienda\/\"},{\"@type\":\"ListItem\",\"position\":3,\"name\":\"Multilimpiador con aroma QUIMPLI\"}]},{\"@type\":\"WebSite\",\"@id\":\"https:\/\/quimpli.com\/tienda\/#website\",\"url\":\"https:\/\/quimpli.com\/tienda\/\",\"name\":\"QUIMPLI\",\"description\":\"\",\"potentialAction\":[{\"@type\":\"SearchAction\",\"target\":{\"@type\":\"EntryPoint\",\"urlTemplate\":\"https:\/\/quimpli.com\/tienda\/?s={search_term_string}\"},\"query-input\":{\"@type\":\"PropertyValueSpecification\",\"valueRequired\":true,\"valueName\":\"search_term_string\"}}],\"inLanguage\":\"es\"}]}<\/script>\n<!-- \/ Yoast SEO plugin. -->","yoast_head_json":{"title":"Multilimpiador con aroma QUIMPLI - QUIMPLI","robots":{"index":"index","follow":"follow","max-snippet":"max-snippet:-1","max-image-preview":"max-image-preview:large","max-video-preview":"max-video-preview:-1"},"canonical":"https:\/\/quimpli.com\/tienda\/producto\/multilimpiador-con-aroma-quimpli\/","og_locale":"es_MX","og_type":"article","og_title":"Multilimpiador con aroma QUIMPLI - QUIMPLI","og_description":"F\u00f3rmula 100% biodegradable,\u00a0no da\u00f1a el medio ambiente  Desinfectante\u00a0de formulaci\u00f3n innovadora de uso general que no da\u00f1a al medio ambiente.  Elimina bacterias, virus y hongos puede emplearse en todo tipo de superficies como cocina, ba\u00f1os, pisos, maderas, alfombras.  Aroma agradable.  Contenido neto 5 litros.","og_url":"https:\/\/quimpli.com\/tienda\/producto\/multilimpiador-con-aroma-quimpli\/","og_site_name":"QUIMPLI","article_modified_time":"2020-07-07T03:21:34+00:00","og_image":[{"width":960,"height":640,"url":"https:\/\/quimpli.com\/tienda\/wp-content\/uploads\/2020\/06\/3-3.jpg","type":"image\/jpeg"}],"twitter_card":"summary_large_image","schema":{"@context":"https:\/\/schema.org","@graph":[{"@type":"WebPage","@id":"https:\/\/quimpli.com\/tienda\/producto\/multilimpiador-con-aroma-quimpli\/","url":"https:\/\/quimpli.com\/tienda\/producto\/multilimpiador-con-aroma-quimpli\/","name":"Multilimpiador con aroma QUIMPLI - QUIMPLI","isPartOf":{"@id":"https:\/\/quimpli.com\/tienda\/#website"},"primaryImageOfPage":{"@id":"https:\/\/quimpli.com\/tienda\/producto\/multilimpiador-con-aroma-quimpli\/#primaryimage"},"image":{"@id":"https:\/\/quimpli.com\/tienda\/producto\/multilimpiador-con-aroma-quimpli\/#primaryimage"},"thumbnailUrl":"https:\/\/quimpli.com\/tienda\/wp-content\/uploads\/2020\/06\/3-3.jpg","datePublished":"2020-07-01T02:15:31+00:00","dateModified":"2020-07-07T03:21:34+00:00","breadcrumb":{"@id":"https:\/\/quimpli.com\/tienda\/producto\/multilimpiador-con-aroma-quimpli\/#breadcrumb"},"inLanguage":"es","potentialAction":[{"@type":"ReadAction","target":["https:\/\/quimpli.com\/tienda\/producto\/multilimpiador-con-aroma-quimpli\/"]}]},{"@type":"ImageObject","inLanguage":"es","@id":"https:\/\/quimpli.com\/tienda\/producto\/multilimpiador-con-aroma-quimpli\/#primaryimage","url":"https:\/\/quimpli.com\/tienda\/wp-content\/uploads\/2020\/06\/3-3.jpg","contentUrl":"https:\/\/quimpli.com\/tienda\/wp-content\/uploads\/2020\/06\/3-3.jpg","width":960,"height":640,"caption":"MULTILIMPIADOR CON AROMA QUIMPLI"},{"@type":"BreadcrumbList","@id":"https:\/\/quimpli.com\/tienda\/producto\/multilimpiador-con-aroma-quimpli\/#breadcrumb","itemListElement":[{"@type":"ListItem","position":1,"name":"Inicio","item":"https:\/\/quimpli.com\/tienda\/"},{"@type":"ListItem","position":2,"name":"Comprar","item":"https:\/\/quimpli.com\/tienda\/"},{"@type":"ListItem","position":3,"name":"Multilimpiador con aroma QUIMPLI"}]},{"@type":"WebSite","@id":"https:\/\/quimpli.com\/tienda\/#website","url":"https:\/\/quimpli.com\/tienda\/","name":"QUIMPLI","description":"","potentialAction":[{"@type":"SearchAction","target":{"@type":"EntryPoint","urlTemplate":"https:\/\/quimpli.com\/tienda\/?s={search_term_string}"},"query-input":{"@type":"PropertyValueSpecification","valueRequired":true,"valueName":"search_term_string"}}],"inLanguage":"es"}]}},"_links":{"self":[{"href":"https:\/\/quimpli.com\/tienda\/wp-json\/wp\/v2\/product\/199","targetHints":{"allow":["GET"]}}],"collection":[{"href":"https:\/\/quimpli.com\/tienda\/wp-json\/wp\/v2\/product"}],"about":[{"href":"https:\/\/quimpli.com\/tienda\/wp-json\/wp\/v2\/types\/product"}],"wp:featuredmedia":[{"embeddable":true,"href":"https:\/\/quimpli.com\/tienda\/wp-json\/wp\/v2\/media\/121"}],"wp:attachment":[{"href":"https:\/\/quimpli.com\/tienda\/wp-json\/wp\/v2\/media?parent=199"}],"wp:term":[{"taxonomy":"product_brand","embeddable":true,"href":"https:\/\/quimpli.com\/tienda\/wp-json\/wp\/v2\/product_brand?post=199"},{"taxonomy":"product_cat","embeddable":true,"href":"https:\/\/quimpli.com\/tienda\/wp-json\/wp\/v2\/product_cat?post=199"},{"taxonomy":"product_tag","embeddable":true,"href":"https:\/\/quimpli.com\/tienda\/wp-json\/wp\/v2\/product_tag?post=199"}],"curies":[{"name":"wp","href":"https:\/\/api.w.org\/{rel}","templated":true}]}}